{"id":74,"date":"2018-06-28T22:17:19","date_gmt":"2018-06-28T20:17:19","guid":{"rendered":"https:\/\/www.gs-winnigstedt.de\/web\/?page_id=74"},"modified":"2025-08-24T17:19:58","modified_gmt":"2025-08-24T15:19:58","slug":"foerderverein","status":"publish","type":"page","link":"https:\/\/www.gs-winnigstedt.de\/web\/foerderverein\/","title":{"rendered":"F\u00f6rderverein"},"content":{"rendered":"<h3 style=\"text-align: center;\"><span style=\"color: #008000;\"><strong>Leitbild\/Eigendarstellung des F\u00f6rdervereines<\/strong><\/span><\/h3>\n<h6 style=\"text-align: center;\">(Der F\u00f6rderverein ist ein eingetragener Verein mit eigener Satzung und kein Organ der Schule. Der F\u00f6rderverein ist f\u00fcr den Text dieser Seite verantwortlich)<\/h6>\n<hr \/>\n<h4><strong><span style=\"color: #008000;\">F\u00f6rderverein der Grundschule Winnigstedt<\/span><\/strong><\/h4>\n<p>Unser F\u00f6rderverein unterst\u00fctzt viele unserer Aktivit\u00e4ten und ist ein wichtiger Teil unserer Schule.<\/p>\n<p>Der F\u00f6rderverein der Grundschule Winnigstedt wurde 2002 mit 11 Mitgliedern gegr\u00fcndet und am 19.08.2003 in das Vereinsregister des Amtsgerichts Wolfenb\u00fcttel eingetragen. Damals unterst\u00fctzte der Verein die Sch\u00fclerInnen mit Material, bot Unterst\u00fctzung bei Gemeinschaftsveranstaltungen der Schule, einzelner Klassen oder Gruppen. \u00dcber die Jahre wurden viele Projekte der Schule unterst\u00fctzt. Heute freuen wir uns \u00fcber jegliche tatkr\u00e4ftige oder finanzielle Unterst\u00fctzung bei zum Beispiel Feiern und Schulfesten, Projekten, Klassenfahrten, Ausfl\u00fcgen,&#8230;<\/p>\n<p>Sollten unser F\u00f6rderverein Ihr Interesse geweckt haben und sie uns mit Ihrer Mitgliedschaft unterst\u00fctzen m\u00f6chten, so nehmen sie gerne Kontakt mit uns auf! Nur ein starker Verein gibt uns die M\u00f6glichkeit zu handeln!<\/p>\n<p style=\"text-align: left;\"><a href=\"https:\/\/www.gs-winnigstedt.de\/web\/wp-content\/uploads\/2023\/02\/Beitrittsvordruck_neu.pdf\" target=\"_blank\" rel=\"noopener\"><span style=\"color: #ff0000;\">Beitrittsvordruck bitte hier downloaden<\/span><\/a><\/p>\n<p style=\"text-align: left;\"><a href=\"https:\/\/www.gs-winnigstedt.de\/web\/wp-content\/uploads\/2023\/02\/Satzung_des_Foerdervereins_26-04-07.pdf\" target=\"_blank\" rel=\"noopener\"><span style=\"color: #ff0000;\">Vereinssatzung bitte hier downloaden<\/span><\/a><\/p>\n<p><strong>1. Vorsitzender: Marc Hendrickx<\/strong><\/p>\n<p><strong>2. Vorsitzender: Raphael M\u00fchlegger<\/strong><\/p>\n<h6 style=\"text-align: center;\">Marc Hendrickx &#8211; 38170 Winnigstedt<\/h6>\n<p>E-Mail: foerderverein-gs-winnigstedt@web.de<br \/>\nBankverbindung: Volksbank Wolfenb\u00fcttel\/Salzgitter &#8211; IBAN DE98 2709 2555 0830 8071 00, BIC GENODEF1WFV<\/p>\n","protected":false},"excerpt":{"rendered":"<div class=\"slide-text-bg2\"><span>Leitbild\/Eigendarstellung des F\u00f6rdervereines (Der F\u00f6rderverein ist ein eingetragener Verein mit eigener Satzung und kein Organ der Schule. Der F\u00f6rderver<\/span><\/div>\n<div class=\"slide-btn-area-sm\"><a href=\"https:\/\/www.gs-winnigstedt.de\/web\/foerderverein\/\" class=\"slide-btn-sm\">weiterlesen<\/a><\/div>\n","protected":false},"author":1,"featured_media":0,"parent":0,"menu_order":0,"comment_status":"closed","ping_status":"closed","template":"","meta":{"footnotes":""},"amp_enabled":true,"_links":{"self":[{"href":"https:\/\/www.gs-winnigstedt.de\/web\/wp-json\/wp\/v2\/pages\/74"}],"collection":[{"href":"https:\/\/www.gs-winnigstedt.de\/web\/wp-json\/wp\/v2\/pages"}],"about":[{"href":"https:\/\/www.gs-winnigstedt.de\/web\/wp-json\/wp\/v2\/types\/page"}],"author":[{"embeddable":true,"href":"https:\/\/www.gs-winnigstedt.de\/web\/wp-json\/wp\/v2\/users\/1"}],"replies":[{"embeddable":true,"href":"https:\/\/www.gs-winnigstedt.de\/web\/wp-json\/wp\/v2\/comments?post=74"}],"version-history":[{"count":18,"href":"https:\/\/www.gs-winnigstedt.de\/web\/wp-json\/wp\/v2\/pages\/74\/revisions"}],"predecessor-version":[{"id":2765,"href":"https:\/\/www.gs-winnigstedt.de\/web\/wp-json\/wp\/v2\/pages\/74\/revisions\/2765"}],"wp:attachment":[{"href":"https:\/\/www.gs-winnigstedt.de\/web\/wp-json\/wp\/v2\/media?parent=74"}],"curies":[{"name":"wp","href":"https:\/\/api.w.org\/{rel}","templated":true}]}}